{"id":2923,"date":"2024-11-13T15:20:15","date_gmt":"2024-11-13T14:20:15","guid":{"rendered":"https:\/\/thailisten.dk\/?page_id=2923"},"modified":"2024-11-13T15:22:18","modified_gmt":"2024-11-13T14:22:18","slug":"handelsbetingelser","status":"publish","type":"page","link":"https:\/\/thailisten.dk\/th\/handelsbetingelser\/","title":{"rendered":"\u0e40\u0e07\u0e37\u0e48\u0e2d\u0e19\u0e44\u0e02\u0e01\u0e32\u0e23\u0e04\u0e49\u0e32"},"content":{"rendered":"<div data-elementor-type=\"wp-page\" data-elementor-id=\"2923\" class=\"elementor elementor-2923\" data-elementor-post-type=\"page\">\n\t\t\t\t<div class=\"elementor-element elementor-element-657d761 e-flex e-con-boxed e-con e-parent\" data-id=\"657d761\" data-element_type=\"container\">\n\t\t\t\t\t<div class=\"e-con-inner\">\n\t\t\t\t<div class=\"elementor-element elementor-element-0276776 elementor-widget elementor-widget-text-editor\" data-id=\"0276776\" data-element_type=\"widget\" data-widget_type=\"text-editor.default\">\n\t\t\t\t<div class=\"elementor-widget-container\">\n\t\t\t\t\t\t\t\t\t<p>\u0e40\u0e07\u0e37\u0e48\u0e2d\u0e19\u0e44\u0e02\u0e41\u0e25\u0e30\u0e02\u0e49\u0e2d\u0e01\u0e33\u0e2b\u0e19\u0e14\u0e01\u0e32\u0e23\u0e02\u0e32\u0e22\u0e17\u0e35\u0e48 RSV Handel ApS<br \/>\u0e02\u0e49\u0e2d\u0e21\u0e39\u0e25\u0e17\u0e31\u0e48\u0e27\u0e44\u0e1b<\/p><p><strong>\u0e1a\u0e23\u0e34\u0e29\u0e31\u0e17 \u0e2d\u0e32\u0e23\u0e4c\u0e40\u0e2d\u0e2a\u0e27\u0e35 \u0e40\u0e17\u0e23\u0e14\u0e14\u0e34\u0e49\u0e07 \u0e40\u0e2d\u0e1e\u0e35\u0e40\u0e2d\u0e2a<\/strong><br \/><strong>\u00d8stermosevej 2C<\/strong><br \/><strong>6623 \u0e2a\u0e1b\u0e23\u0e34\u0e07\u0e40\u0e1a\u0e2a<\/strong><br \/><strong>\u0e40\u0e25\u0e02\u0e17\u0e35\u0e48 CVR: 41212454<\/strong><br \/><strong>\u0e42\u0e17\u0e23\u0e28\u0e31\u0e1e\u0e17\u0e4c : 21838401<\/strong><br \/><strong>\u0e2d\u0e35\u0e40\u0e21\u0e25: rasmus@rsvhandel.dk<\/strong><\/p><h4>\u0e23\u0e32\u0e04\u0e32<\/h4><p>Hos RSV Handel ApS er alle priserne i danske kroner og angivet inkl. moms og afgifter. Vi forbeholder os ret til fra dag til dag at \u00e6ndre i priserne uden forudg\u00e5ende samtykke. Der tages forbehold for udsolgte varer.<\/p><h4>\u0e01\u0e32\u0e23\u0e0a\u0e33\u0e23\u0e30\u0e40\u0e07\u0e34\u0e19<\/h4><p>RSV Handel ApS modtager betaling med VISA-Dankort, VISA, VISA Electron, Mastercard, PayPal, MobilePay, Bankoverf\u00f8rsel. Betalingen vil f\u00f8rst blive trukket p\u00e5 din konto, n\u00e5r varen afsendes. Alle bel\u00f8b er i DKK. Danske kroner og incl. moms. Der tages forbehold for prisfejl og udsolgte\/udg\u00e5ede varer.<\/p><h4>\u0e08\u0e31\u0e14\u0e2a\u0e48\u0e07<\/h4><p>RSV Handel ApS tilstr\u00e6ber at afsende ordre indg\u00e5et inden kl. 17 samme dag, ordre herefter sendes n\u00e6stf\u00f8lgende hverdag.<br \/>Din adgang er tilg\u00e6ngelig straks efter betaling har fundet sted.<\/p><h4>\u0e04\u0e37\u0e19\u0e40\u0e07\u0e34\u0e19<\/h4><p>Hvis der er tale om refusion, bedes du medsende bankoplysninger i form af regnr og kontonr, s\u00e5 det aftalte bel\u00f8b kan overf\u00f8res. Disse oplysninger kan uden risiko oplyses pr. mail eller anden elektronisk form, da det ikke er f\u00f8lsomme oplysninger og kun vil blive anvendt til vores opfyldelse af refusionen.<\/p><h4>\u0e2a\u0e34\u0e17\u0e18\u0e34\u0e43\u0e19\u0e01\u0e32\u0e23\u0e16\u0e2d\u0e19\u0e2d\u0e2d\u0e01<\/h4><p>I f\u00f8lge k\u00f8beloven er der desv\u00e6rre ikke fortrydelsesret p\u00e5 digitale produkter der tages i brug. Men lever produktet ikke op til din forventning, s\u00e5 kontakt os venligst.<br \/>\u0e23\u0e30\u0e22\u0e30\u0e40\u0e27\u0e25\u0e32\u0e40\u0e23\u0e34\u0e48\u0e21\u0e19\u0e31\u0e1a\u0e08\u0e32\u0e01\u0e27\u0e31\u0e19\u0e19\u0e31\u0e49\u0e19\u0e40\u0e1b\u0e47\u0e19\u0e15\u0e49\u0e19\u0e44\u0e1b<br \/>&#8211; Hvor du modtager ordren.<br \/>&#8211; F\u00e5r den sidste vare i fysisk besiddelse, n\u00e5r det drejer sig om en aftale om flere forskellige varer, bestilt i \u00e9n ordre, men leveres enkeltvis eller af flere omgange.<br \/>&#8211; F\u00e5r det sidste parti, eller sidste del i fysisk besiddelse, n\u00e5r det drejer sig om aftale af levering af varer der best\u00e5r af flere partier\/dele.<br \/>&#8211; Den f\u00f8rste vare i fysisk besiddelse, n\u00e5r det drejer sig om regelm\u00e6ssig levering af varer over en bestemt periode.<br \/>\u0e04\u0e38\u0e13\u0e08\u0e30\u0e15\u0e49\u0e2d\u0e07\u0e40\u0e1b\u0e47\u0e19\u0e1c\u0e39\u0e49\u0e23\u0e31\u0e1a\u0e1c\u0e34\u0e14\u0e0a\u0e2d\u0e1a\u0e04\u0e48\u0e32\u0e43\u0e0a\u0e49\u0e08\u0e48\u0e32\u0e22\u0e43\u0e19\u0e01\u0e32\u0e23\u0e2a\u0e48\u0e07\u0e04\u0e37\u0e19\u0e14\u0e49\u0e27\u0e22\u0e15\u0e19\u0e40\u0e2d\u0e07<br \/>Fortrydelse skal anmeldes til os senest 14 efter k\u00f8bet og fra fortrydelsen skal I senest 14 dage efter returnere forsendelsen. Meddelelsen skal gives pr. mail p\u00e5 rasmus@rsvhandel.dk. I meddelelsen skal du g\u00f8re tydeligt opm\u00e6rksom p\u00e5, at du \u00f8nsker at benytte din fortrydelsesret. \u00d8nsker du at sende varen retur til os, skal du udfylde den vedlagte Returseddel og sende varen til:<br \/>\u0e1a\u0e23\u0e34\u0e29\u0e31\u0e17 \u0e2d\u0e32\u0e23\u0e4c\u0e40\u0e2d\u0e2a\u0e27\u0e35 \u0e40\u0e17\u0e23\u0e14\u0e14\u0e34\u0e49\u0e07 \u0e40\u0e2d\u0e1e\u0e35\u0e40\u0e2d\u0e2a<br \/>\u00d8stermosevej 2C<br \/>6623 \u0e2a\u0e1b\u0e23\u0e34\u0e07\u0e40\u0e1a\u0e2a<\/p><p>Du kan ikke fortryde ved blot at n\u00e6gte modtagelse af varen, uden samtidig at give tydelig meddelelse herom.<\/p><h4>\u0e2a\u0e34\u0e19\u0e04\u0e49\u0e32\u0e17\u0e35\u0e48\u0e16\u0e39\u0e01\u0e15\u0e31\u0e14\u0e2a\u0e34\u0e17\u0e18\u0e34\u0e4c\u0e01\u0e32\u0e23\u0e16\u0e2d\u0e19\u0e2d\u0e2d\u0e01<\/h4><p>F\u00f8lgende varetyper indg\u00e5r ikke i fortrydelsesretten:<br \/>&#8211; Varer, som er fremstillet efter forbrugerens specifikationer eller har f\u00e5et et tydeligt personligt pr\u00e6g.<br \/>&#8211; Forseglede varer, som af sundhedsbeskyttelses- eller hygiejnem\u00e6ssige \u00e5rsager ikke er egnet til at blive returneret, og hvor forseglingen er brudt efter leveringen.<br \/>&#8211; Varer, der grundet sin art bliver ul\u00f8seligt blandet sammen med andre ved levering.<br \/>&#8211; Varer, hvor plomberingen er brudt.<br \/>&#8211; Udf\u00f8rte ikke-finansielle tjenesteydelser, hvis levering af tjenesteydelsen er p\u00e5begyndt med forbrugerens forudg\u00e5ende udtrykkelige samtykke og anderkendelse af, at fortrydelsesretten oph\u00f8rer, n\u00e5r tjenesteydelsen er fuldt udf\u00f8rt.<br \/>&#8211; Levering af digitalt indhold, som ikke leveres p\u00e5 et fysisk medium, hvis udf\u00f8relsen er p\u00e5begyndt med forbrugerens forudg\u00e5ende udtrykkelige samtykke og anerkendelse heraf, at vedkommende dermed mister sin fortrydelsesret.<br \/>&#8211; Aviser, tidskrifter eller magasiner dog undtaget abonnementsaftaler for s\u00e5danne publikationer.<br \/>&#8211; Aftaler indg\u00e5et p\u00e5 offentlig auktion.<br \/>&#8211; Varer, der forringes eller for\u00e6ldes hurtigt.- Digitale produkter der er taget i brug. Med taget i brug menes der, at hvis det digitale produkt er downloadet s\u00e5 er det taget i brug og kan ikke fortrydes.<\/p><p>\u0e2a\u0e34\u0e17\u0e18\u0e34\u0e4c<\/p><p>Alle rettigheder til workshops, kurser, events og digitale produkter tilh\u00f8rer RSV Handel ApS.<br \/>Ved k\u00f8b opn\u00e5s licens til at benytte det k\u00f8bte produkt som angivet under det p\u00e5g\u00e6ldende produkt.<br \/>Dit digitale produkt er personligt, og det er ikke tilladt at s\u00e6lge, videresende, udl\u00e5ne, give det k\u00f8bte v\u00e6k eller p\u00e5 anden m\u00e5de distribuere produktet, hverken privat eller kommercielt. Det g\u00e6lder b\u00e5de for indholdet af vores online produkter, downloadede produkter, livehold, workshop og kurser.<\/p><p>\u0e19\u0e42\u0e22\u0e1a\u0e32\u0e22\u0e04\u0e27\u0e32\u0e21\u0e40\u0e1b\u0e47\u0e19\u0e2a\u0e48\u0e27\u0e19\u0e15\u0e31\u0e27<\/p><p>For at du kan indg\u00e5 aftale med os og handle p\u00e5 vores hjemmeside, har vi brug for f\u00f8lgende oplysninger om dig:<\/p><p>\u0e0a\u0e37\u0e48\u0e2d<br \/>\u0e17\u0e35\u0e48\u0e2d\u0e22\u0e39\u0e48<br \/>\u0e40\u0e1a\u0e2d\u0e23\u0e4c\u0e42\u0e17\u0e23\u0e28\u0e31\u0e1e\u0e17\u0e4c<br \/>\u0e17\u0e35\u0e48\u0e2d\u0e22\u0e39\u0e48\u0e2d\u0e35\u0e40\u0e21\u0e25\u0e4c<br \/>Oplysning om hvad du har k\u00f8bt<\/p><p>Vi behandler dine personoplysninger med det form\u00e5l, at kunne levere varen til dig, og for at kunne behandle henvendelser vedr\u00f8rende dit k\u00f8b. Behandlingen sker efter reglerne i vores persondatapolitik for RSV Handel ApS. Heri kan du l\u00e6se mere om, hvordan dine oplysninger behandles, hvorn\u00e5r de slettes, og hvilke rettigheder du har som registreret.<\/p><p>Klagemuligheder \u2013 oversigt og links:<\/p><p>Har du en klage over et produkt, k\u00f8bt i vores Webshop, kan der sendes en klage til:<br \/>Konkurrence- og Forbrugerstyrelsens Center for Klagel\u00f8sning<br \/>\u0e04\u0e32\u0e23\u0e4c\u0e25 \u0e08\u0e32\u0e04\u0e2d\u0e1a\u0e40\u0e0b\u0e19\u0e2a\u0e4c \u0e40\u0e27\u0e08 35<br \/>2500 \u0e27\u0e31\u0e25\u0e1a\u0e35\u0e49<br \/>\u0e25\u0e34\u0e07\u0e04\u0e4c: www.forbrug.dk<\/p><p>Hvis du er forbruger med bop\u00e6l i et andet EU-land, kan du angive din klage i EU Kommissionens online klageplatform.<br \/>\u0e2a\u0e32\u0e21\u0e32\u0e23\u0e16\u0e14\u0e39\u0e41\u0e1e\u0e25\u0e15\u0e1f\u0e2d\u0e23\u0e4c\u0e21\u0e44\u0e14\u0e49\u0e17\u0e35\u0e48\u0e19\u0e35\u0e48: http:\/\/ec.europa.eu\/consumers\/odr\/<br \/>\u0e2b\u0e32\u0e01\u0e04\u0e38\u0e13\u0e2a\u0e48\u0e07\u0e02\u0e49\u0e2d\u0e23\u0e49\u0e2d\u0e07\u0e40\u0e23\u0e35\u0e22\u0e19\u0e17\u0e35\u0e48\u0e19\u0e35\u0e48 \u0e04\u0e38\u0e13\u0e15\u0e49\u0e2d\u0e07\u0e23\u0e30\u0e1a\u0e38\u0e17\u0e35\u0e48\u0e2d\u0e22\u0e39\u0e48\u0e2d\u0e35\u0e40\u0e21\u0e25\u0e02\u0e2d\u0e07\u0e40\u0e23\u0e32: rasmus@rsvhandel.dk<\/p>\t\t\t\t\t\t\t\t<\/div>\n\t\t\t\t<\/div>\n\t\t\t\t\t<\/div>\n\t\t\t\t<\/div>\n\t\t\t\t<\/div>","protected":false},"excerpt":{"rendered":"<p>Handelsbetingelser hos RSV Handel ApSGenerelle oplysninger RSV Handel ApS\u00d8stermosevej 2C6623 VorbasseCVR nr.: 41212454Telefon: 21838401Email: rasmus@rsvhandel.dk Priser Hos RSV Handel ApS er alle priserne i danske kroner og angivet inkl. moms og afgifter. Vi forbeholder os ret til fra dag til dag at \u00e6ndre i priserne uden forudg\u00e5ende samtykke. Der tages forbehold for udsolgte varer. Betaling [&hellip;]<\/p>","protected":false},"author":1,"featured_media":0,"parent":0,"menu_order":0,"comment_status":"closed","ping_status":"closed","template":"","meta":{"inline_featured_image":false,"footnotes":""},"class_list":["post-2923","page","type-page","status-publish","hentry"],"yoast_head":"<!-- This site is optimized with the Yoast SEO Premium plugin v25.3.1 (Yoast SEO v25.8) - https:\/\/yoast.com\/wordpress\/plugins\/seo\/ -->\n<title>Handelsbetingelser - ThaiListen<\/title>\n<meta name=\"robots\" content=\"index, follow, max-snippet:-1, max-image-preview:large, max-video-preview:-1\" \/>\n<link rel=\"canonical\" href=\"https:\/\/thailisten.dk\/th\/handelsbetingelser\/\" \/>\n<meta property=\"og:locale\" content=\"th_TH\" \/>\n<meta property=\"og:type\" content=\"article\" \/>\n<meta property=\"og:title\" content=\"Handelsbetingelser\" \/>\n<meta property=\"og:description\" content=\"Handelsbetingelser hos RSV Handel ApSGenerelle oplysninger RSV Handel ApS\u00d8stermosevej 2C6623 VorbasseCVR nr.: 41212454Telefon: 21838401Email: rasmus@rsvhandel.dk Priser Hos RSV Handel ApS er alle priserne i danske kroner og angivet inkl. moms og afgifter. Vi forbeholder os ret til fra dag til dag at \u00e6ndre i priserne uden forudg\u00e5ende samtykke. Der tages forbehold for udsolgte varer. Betaling [&hellip;]\" \/>\n<meta property=\"og:url\" content=\"https:\/\/thailisten.dk\/th\/handelsbetingelser\/\" \/>\n<meta property=\"og:site_name\" content=\"ThaiListen\" \/>\n<meta property=\"article:modified_time\" content=\"2024-11-13T14:22:18+00:00\" \/>\n<meta name=\"twitter:card\" content=\"summary_large_image\" \/>\n<meta name=\"twitter:label1\" content=\"Est. reading time\" \/>\n\t<meta name=\"twitter:data1\" content=\"4 \u0e19\u0e32\u0e17\u0e35\" \/>\n<script type=\"application\/ld+json\" class=\"yoast-schema-graph\">{\"@context\":\"https:\/\/schema.org\",\"@graph\":[{\"@type\":\"WebPage\",\"@id\":\"https:\/\/thailisten.dk\/handelsbetingelser\/\",\"url\":\"https:\/\/thailisten.dk\/handelsbetingelser\/\",\"name\":\"Handelsbetingelser - ThaiListen\",\"isPartOf\":{\"@id\":\"https:\/\/thailisten.dk\/#website\"},\"datePublished\":\"2024-11-13T14:20:15+00:00\",\"dateModified\":\"2024-11-13T14:22:18+00:00\",\"breadcrumb\":{\"@id\":\"https:\/\/thailisten.dk\/handelsbetingelser\/#breadcrumb\"},\"inLanguage\":\"th\",\"potentialAction\":[{\"@type\":\"ReadAction\",\"target\":[\"https:\/\/thailisten.dk\/handelsbetingelser\/\"]}]},{\"@type\":\"BreadcrumbList\",\"@id\":\"https:\/\/thailisten.dk\/handelsbetingelser\/#breadcrumb\",\"itemListElement\":[{\"@type\":\"ListItem\",\"position\":1,\"name\":\"Home\",\"item\":\"https:\/\/thailisten.dk\/\"},{\"@type\":\"ListItem\",\"position\":2,\"name\":\"Handelsbetingelser\"}]},{\"@type\":\"WebSite\",\"@id\":\"https:\/\/thailisten.dk\/#website\",\"url\":\"https:\/\/thailisten.dk\/\",\"name\":\"ThaiListen\",\"description\":\"\",\"potentialAction\":[{\"@type\":\"SearchAction\",\"target\":{\"@type\":\"EntryPoint\",\"urlTemplate\":\"https:\/\/thailisten.dk\/?s={search_term_string}\"},\"query-input\":{\"@type\":\"PropertyValueSpecification\",\"valueRequired\":true,\"valueName\":\"search_term_string\"}}],\"inLanguage\":\"th\"}]}<\/script>\n<!-- \/ Yoast SEO Premium plugin. -->","yoast_head_json":{"title":"Handelsbetingelser - ThaiListen","robots":{"index":"index","follow":"follow","max-snippet":"max-snippet:-1","max-image-preview":"max-image-preview:large","max-video-preview":"max-video-preview:-1"},"canonical":"https:\/\/thailisten.dk\/th\/handelsbetingelser\/","og_locale":"th_TH","og_type":"article","og_title":"Handelsbetingelser","og_description":"Handelsbetingelser hos RSV Handel ApSGenerelle oplysninger RSV Handel ApS\u00d8stermosevej 2C6623 VorbasseCVR nr.: 41212454Telefon: 21838401Email: rasmus@rsvhandel.dk Priser Hos RSV Handel ApS er alle priserne i danske kroner og angivet inkl. moms og afgifter. Vi forbeholder os ret til fra dag til dag at \u00e6ndre i priserne uden forudg\u00e5ende samtykke. Der tages forbehold for udsolgte varer. Betaling [&hellip;]","og_url":"https:\/\/thailisten.dk\/th\/handelsbetingelser\/","og_site_name":"ThaiListen","article_modified_time":"2024-11-13T14:22:18+00:00","twitter_card":"summary_large_image","twitter_misc":{"Est. reading time":"4 \u0e19\u0e32\u0e17\u0e35"},"schema":{"@context":"https:\/\/schema.org","@graph":[{"@type":"WebPage","@id":"https:\/\/thailisten.dk\/handelsbetingelser\/","url":"https:\/\/thailisten.dk\/handelsbetingelser\/","name":"Handelsbetingelser - ThaiListen","isPartOf":{"@id":"https:\/\/thailisten.dk\/#website"},"datePublished":"2024-11-13T14:20:15+00:00","dateModified":"2024-11-13T14:22:18+00:00","breadcrumb":{"@id":"https:\/\/thailisten.dk\/handelsbetingelser\/#breadcrumb"},"inLanguage":"th","potentialAction":[{"@type":"ReadAction","target":["https:\/\/thailisten.dk\/handelsbetingelser\/"]}]},{"@type":"BreadcrumbList","@id":"https:\/\/thailisten.dk\/handelsbetingelser\/#breadcrumb","itemListElement":[{"@type":"ListItem","position":1,"name":"Home","item":"https:\/\/thailisten.dk\/"},{"@type":"ListItem","position":2,"name":"Handelsbetingelser"}]},{"@type":"WebSite","@id":"https:\/\/thailisten.dk\/#website","url":"https:\/\/thailisten.dk\/","name":"\u0e44\u0e17\u0e22\u0e25\u0e34\u0e2a\u0e15\u0e4c","description":"","potentialAction":[{"@type":"SearchAction","target":{"@type":"EntryPoint","urlTemplate":"https:\/\/thailisten.dk\/?s={search_term_string}"},"query-input":{"@type":"PropertyValueSpecification","valueRequired":true,"valueName":"search_term_string"}}],"inLanguage":"th"}]}},"_links":{"self":[{"href":"https:\/\/thailisten.dk\/th\/wp-json\/wp\/v2\/pages\/2923","targetHints":{"allow":["GET"]}}],"collection":[{"href":"https:\/\/thailisten.dk\/th\/wp-json\/wp\/v2\/pages"}],"about":[{"href":"https:\/\/thailisten.dk\/th\/wp-json\/wp\/v2\/types\/page"}],"author":[{"embeddable":true,"href":"https:\/\/thailisten.dk\/th\/wp-json\/wp\/v2\/users\/1"}],"replies":[{"embeddable":true,"href":"https:\/\/thailisten.dk\/th\/wp-json\/wp\/v2\/comments?post=2923"}],"version-history":[{"count":7,"href":"https:\/\/thailisten.dk\/th\/wp-json\/wp\/v2\/pages\/2923\/revisions"}],"predecessor-version":[{"id":2930,"href":"https:\/\/thailisten.dk\/th\/wp-json\/wp\/v2\/pages\/2923\/revisions\/2930"}],"wp:attachment":[{"href":"https:\/\/thailisten.dk\/th\/wp-json\/wp\/v2\/media?parent=2923"}],"curies":[{"name":"wp","href":"https:\/\/api.w.org\/{rel}","templated":true}]}}